{"id":65,"date":"2023-03-02T14:54:23","date_gmt":"2023-03-02T17:54:23","guid":{"rendered":"https:\/\/pre.espacioaudiovisualnacional.org\/ean2023\/?page_id=65"},"modified":"2023-03-07T16:38:30","modified_gmt":"2023-03-07T19:38:30","slug":"contacto","status":"publish","type":"page","link":"https:\/\/pre.espacioaudiovisualnacional.org\/ean2023\/contacto\/","title":{"rendered":"Contacto"},"content":{"rendered":"<section class=\"wpb-content-wrapper\"><p>[vc_row content_placement=&#8221;middle&#8221; text_align=&#8221;center&#8221; text_color=&#8221;#686868&#8243; type=&#8221;image&#8221; bg_attachment=&#8221;true&#8221; padding_top=&#8221;&#8221; padding_bottom=&#8221;&#8221; overflow=&#8221;false&#8221; visibility=&#8221;visible-xs,visible-sm,visible-md,visible-lg,visible-xlg&#8221; bg_image=&#8221;40&#8243;][vc_column][vc_column_text]<\/p>\n<h1 style=\"text-align: center;\">Contacto<\/h1>\n<p>[\/vc_column_text][\/vc_column][\/vc_row][vc_row full_height=&#8221;yes&#8221; content_placement=&#8221;middle&#8221; text_color=&#8221;#686868&#8243; type=&#8221;image&#8221; bg_attachment=&#8221;true&#8221; vertical_align=&#8221;yes&#8221; padding_top=&#8221;&#8221; padding_bottom=&#8221;&#8221; overflow=&#8221;false&#8221; visibility=&#8221;visible-xs,visible-sm,visible-md,visible-lg,visible-xlg&#8221; bg_image=&#8221;40&#8243;][vc_column][vc_column_text]Pod\u00e9s escribirnos a nuestro correo: <span style=\"color: #0000ff;\"><a style=\"color: #0000ff;\" href=\"mailto:info@espacioaudiovisualnacional.org\">info@espacioaudiovisualnacional.org<\/a><\/span><\/p>\n<p>O completar el formulario.<\/p>\n<p><strong>Esperamos tu opini\u00f3n y tu apoyo:<\/strong>[\/vc_column_text]<div class=\"wpforms-container wpforms-container-full\" id=\"wpforms-1111\"><form id=\"wpforms-form-1111\" class=\"wpforms-validate wpforms-form wpforms-ajax-form\" data-formid=\"1111\" method=\"post\" enctype=\"multipart\/form-data\" action=\"\/ean2023\/wp-json\/wp\/v2\/pages\/65\" data-token=\"8b88d3d098b34213b90a2cb0ca1b107c\"><noscript class=\"wpforms-error-noscript\">Please enable JavaScript in your browser to complete this form.<\/noscript><div class=\"wpforms-field-container\"><div id=\"wpforms-1111-field_1-container\" class=\"wpforms-field wpforms-field-text\" data-field-id=\"1\"><label class=\"wpforms-field-label\" for=\"wpforms-1111-field_1\">Nombre <span class=\"wpforms-required-label\">*<\/span><\/label><input type=\"text\" id=\"wpforms-1111-field_1\" class=\"wpforms-field-medium wpforms-field-required\" name=\"wpforms[fields][1]\" required><\/div><div id=\"wpforms-1111-field_2-container\" class=\"wpforms-field wpforms-field-text\" data-field-id=\"2\"><label class=\"wpforms-field-label\" for=\"wpforms-1111-field_2\">Apellido <span class=\"wpforms-required-label\">*<\/span><\/label><input type=\"text\" id=\"wpforms-1111-field_2\" class=\"wpforms-field-medium wpforms-field-required\" name=\"wpforms[fields][2]\" required><\/div><div id=\"wpforms-1111-field_12-container\" class=\"wpforms-field wpforms-field-email\" data-field-id=\"12\"><label class=\"wpforms-field-label\" for=\"wpforms-1111-field_12\">Correo electr\u00f3nico <span class=\"wpforms-required-label\">*<\/span><\/label><input type=\"email\" id=\"wpforms-1111-field_12\" class=\"wpforms-field-medium wpforms-field-required\" name=\"wpforms[fields][12]\" required><\/div><div id=\"wpforms-1111-field_4-container\" class=\"wpforms-field wpforms-field-text\" data-field-id=\"4\"><label class=\"wpforms-field-label\" for=\"wpforms-1111-field_4\">A qu\u00e9 entidad pertenece <span class=\"wpforms-required-label\">*<\/span><\/label><input type=\"text\" id=\"wpforms-1111-field_4\" class=\"wpforms-field-medium wpforms-field-required\" name=\"wpforms[fields][4]\" required><\/div><div id=\"wpforms-1111-field_5-container\" class=\"wpforms-field wpforms-field-text\" data-field-id=\"5\"><label class=\"wpforms-field-label\" for=\"wpforms-1111-field_5\">Indique la provincia y\/o distrito <span class=\"wpforms-required-label\">*<\/span><\/label><input type=\"text\" id=\"wpforms-1111-field_5\" class=\"wpforms-field-medium wpforms-field-required\" name=\"wpforms[fields][5]\" required><\/div><div id=\"wpforms-1111-field_6-container\" class=\"wpforms-field wpforms-field-checkbox\" data-field-id=\"6\"><label class=\"wpforms-field-label\" for=\"wpforms-1111-field_6\">En el caso de ser una entidad indique si es<\/label><ul id=\"wpforms-1111-field_6\"><li class=\"choice-1 depth-1\"><input type=\"checkbox\" id=\"wpforms-1111-field_6_1\" name=\"wpforms[fields][6][]\" value=\"Gubernamental\"  ><label class=\"wpforms-field-label-inline\" for=\"wpforms-1111-field_6_1\">Gubernamental<\/label><\/li><li class=\"choice-2 depth-1\"><input type=\"checkbox\" id=\"wpforms-1111-field_6_2\" name=\"wpforms[fields][6][]\" value=\"No gubernamental\"  ><label class=\"wpforms-field-label-inline\" for=\"wpforms-1111-field_6_2\">No gubernamental<\/label><\/li><\/ul><\/div><div id=\"wpforms-1111-field_7-container\" class=\"wpforms-field wpforms-field-text\" data-field-id=\"7\"><label class=\"wpforms-field-label\" for=\"wpforms-1111-field_7\">Si es gubernamental \u00bfa qu\u00e9 secretar\u00eda, ministerio o repartici\u00f3n pertenece?<\/label><input type=\"text\" id=\"wpforms-1111-field_7\" class=\"wpforms-field-medium\" name=\"wpforms[fields][7]\" ><\/div><div id=\"wpforms-1111-field_8-container\" class=\"wpforms-field wpforms-field-text\" data-field-id=\"8\"><label class=\"wpforms-field-label\" for=\"wpforms-1111-field_8\">Si es una empresa indique nombre y\/o raz\u00f3n social<\/label><input type=\"text\" id=\"wpforms-1111-field_8\" class=\"wpforms-field-medium\" name=\"wpforms[fields][8]\" ><\/div><div id=\"wpforms-1111-field_9-container\" class=\"wpforms-field wpforms-field-checkbox\" data-field-id=\"9\"><label class=\"wpforms-field-label\" for=\"wpforms-1111-field_9\">Tipo de actividad<\/label><ul id=\"wpforms-1111-field_9\"><li class=\"choice-1 depth-1\"><input type=\"checkbox\" id=\"wpforms-1111-field_9_1\" name=\"wpforms[fields][9][]\" value=\"Con fines de lucro\"  ><label class=\"wpforms-field-label-inline\" for=\"wpforms-1111-field_9_1\">Con fines de lucro<\/label><\/li><li class=\"choice-2 depth-1\"><input type=\"checkbox\" id=\"wpforms-1111-field_9_2\" name=\"wpforms[fields][9][]\" value=\"Sin fines de lucro\"  ><label class=\"wpforms-field-label-inline\" for=\"wpforms-1111-field_9_2\">Sin fines de lucro<\/label><\/li><\/ul><\/div><div id=\"wpforms-1111-field_10-container\" class=\"wpforms-field wpforms-field-text\" data-field-id=\"10\"><label class=\"wpforms-field-label\" for=\"wpforms-1111-field_10\">Sitio web o redes sociales<\/label><input type=\"text\" id=\"wpforms-1111-field_10\" class=\"wpforms-field-medium\" name=\"wpforms[fields][10]\" ><\/div><div id=\"wpforms-1111-field_11-container\" class=\"wpforms-field wpforms-field-text\" data-field-id=\"11\"><label class=\"wpforms-field-label\" for=\"wpforms-1111-field_11\">Asunto <span class=\"wpforms-required-label\">*<\/span><\/label><input type=\"text\" id=\"wpforms-1111-field_11\" class=\"wpforms-field-medium wpforms-field-required\" name=\"wpforms[fields][11]\" required><\/div><div id=\"wpforms-1111-field_13-container\" class=\"wpforms-field wpforms-field-textarea\" data-field-id=\"13\"><label class=\"wpforms-field-label\" for=\"wpforms-1111-field_13\">Mensaje <span class=\"wpforms-required-label\">*<\/span><\/label><textarea id=\"wpforms-1111-field_13\" class=\"wpforms-field-medium wpforms-field-required\" name=\"wpforms[fields][13]\" required><\/textarea><\/div><\/div><div class=\"wpforms-submit-container\"><input type=\"hidden\" name=\"wpforms[id]\" value=\"1111\"><input type=\"hidden\" name=\"wpforms[author]\" value=\"1\"><button type=\"submit\" name=\"wpforms[submit]\" id=\"wpforms-submit-1111\" class=\"wpforms-submit\" data-alt-text=\"Enviando...\" data-submit-text=\"Enviar\" aria-live=\"assertive\" value=\"wpforms-submit\">Enviar<\/button><img loading=\"lazy\" decoding=\"async\" src=\"https:\/\/pre.espacioaudiovisualnacional.org\/ean2023\/wp-content\/plugins\/wpforms-lite\/assets\/images\/submit-spin.svg\" class=\"wpforms-submit-spinner\" style=\"display: none;\" width=\"26\" height=\"26\" alt=\"Loading\"><\/div><\/form><\/div>  <!-- .wpforms-container -->[\/vc_column][\/vc_row]<\/p>\n<\/section>","protected":false},"excerpt":{"rendered":"<p>[vc_row content_placement=&#8221;middle&#8221; text_align=&#8221;center&#8221; text_color=&#8221;#686868&#8243; type=&#8221;image&#8221; bg_attachment=&#8221;true&#8221; padding_top=&#8221;&#8221; padding_bottom=&#8221;&#8221; overflow=&#8221;false&#8221; visibility=&#8221;visible-xs,visible-sm,visible-md,visible-lg,visible-xlg&#8221; bg_image=&#8221;40&#8243;][vc_column][vc_column_text] Contacto [\/vc_column_text][\/vc_column][\/vc_row][vc_row full_height=&#8221;yes&#8221; content_placement=&#8221;middle&#8221; text_color=&#8221;#686868&#8243; type=&#8221;image&#8221; bg_attachment=&#8221;true&#8221; vertical_align=&#8221;yes&#8221; padding_top=&#8221;&#8221; padding_bottom=&#8221;&#8221; overflow=&#8221;false&#8221; visibility=&#8221;visible-xs,visible-sm,visible-md,visible-lg,visible-xlg&#8221; bg_image=&#8221;40&#8243;][vc_column][vc_column_text]Pod\u00e9s escribirnos a nuestro correo: info@espacioaudiovisualnacional.org O completar el formulario. Esperamos tu opini\u00f3n y tu apoyo:[\/vc_column_text][\/vc_column][\/vc_row]<\/p>\n","protected":false},"author":1,"featured_media":0,"parent":0,"menu_order":0,"comment_status":"closed","ping_status":"closed","template":"","meta":{"footnotes":""},"class_list":["post-65","page","type-page","status-publish","hentry"],"_links":{"self":[{"href":"https:\/\/pre.espacioaudiovisualnacional.org\/ean2023\/wp-json\/wp\/v2\/pages\/65","targetHints":{"allow":["GET"]}}],"collection":[{"href":"https:\/\/pre.espacioaudiovisualnacional.org\/ean2023\/wp-json\/wp\/v2\/pages"}],"about":[{"href":"https:\/\/pre.espacioaudiovisualnacional.org\/ean2023\/wp-json\/wp\/v2\/types\/page"}],"author":[{"embeddable":true,"href":"https:\/\/pre.espacioaudiovisualnacional.org\/ean2023\/wp-json\/wp\/v2\/users\/1"}],"replies":[{"embeddable":true,"href":"https:\/\/pre.espacioaudiovisualnacional.org\/ean2023\/wp-json\/wp\/v2\/comments?post=65"}],"version-history":[{"count":6,"href":"https:\/\/pre.espacioaudiovisualnacional.org\/ean2023\/wp-json\/wp\/v2\/pages\/65\/revisions"}],"predecessor-version":[{"id":1116,"href":"https:\/\/pre.espacioaudiovisualnacional.org\/ean2023\/wp-json\/wp\/v2\/pages\/65\/revisions\/1116"}],"wp:attachment":[{"href":"https:\/\/pre.espacioaudiovisualnacional.org\/ean2023\/wp-json\/wp\/v2\/media?parent=65"}],"curies":[{"name":"wp","href":"https:\/\/api.w.org\/{rel}","templated":true}]}}