{"id":1253,"date":"2023-03-09T19:30:18","date_gmt":"2023-03-09T22:30:18","guid":{"rendered":"https:\/\/pre.espacioaudiovisualnacional.org\/ean2023\/?page_id=1253"},"modified":"2024-07-03T17:23:47","modified_gmt":"2024-07-03T20:23:47","slug":"proyecto","status":"publish","type":"page","link":"https:\/\/pre.espacioaudiovisualnacional.org\/ean2023\/proyecto\/","title":{"rendered":"Proyecto"},"content":{"rendered":"<section class=\"wpb-content-wrapper\"><p>[vc_row text_align=&#8221;center&#8221; text_color=&#8221;#686868&#8243; type=&#8221;image&#8221; bg_attachment=&#8221;true&#8221; overflow=&#8221;false&#8221; visibility=&#8221;visible-xs,visible-sm,visible-md,visible-lg,visible-xlg&#8221; bg_image=&#8221;40&#8243;][vc_column][vc_column_text]<\/p>\n<h1 style=\"text-align: center;\">Puntos principales del proyecto<\/h1>\n<p>[\/vc_column_text][\/vc_column][\/vc_row][vc_row gap=&#8221;35&#8243; text_align=&#8221;center&#8221; text_color=&#8221;#686868&#8243; type=&#8221;image&#8221; bg_attachment=&#8221;true&#8221; overflow=&#8221;false&#8221; visibility=&#8221;visible-xs,visible-sm,visible-md,visible-lg,visible-xlg&#8221; bg_image=&#8221;40&#8243;][vc_column width=&#8221;1\/3&#8243;][vc_single_image image=&#8221;1254&#8243; alignment=&#8221;center&#8221; animation=&#8221;animate-when-almost-visible&#8221;][vc_column_text animation=&#8221;animate-when-almost-visible&#8221;]<\/p>\n<p style=\"text-align: center;\">M\u00c1S FEDERALISMO<\/p>\n<p>[\/vc_column_text][vc_column_text animation=&#8221;animate-when-almost-visible&#8221;]<\/p>\n<p style=\"text-align: center;\">Representaci\u00f3n de las provincias y una mejor distribuci\u00f3n de recursos en todo el pa\u00eds.<\/p>\n<p>[\/vc_column_text][\/vc_column][vc_column width=&#8221;1\/3&#8243;][vc_single_image image=&#8221;1255&#8243; alignment=&#8221;center&#8221; animation=&#8221;animate-when-almost-visible&#8221;][vc_column_text animation=&#8221;animate-when-almost-visible&#8221;]<\/p>\n<p style=\"text-align: center;\">M\u00c1S DIVERSIDAD<\/p>\n<p>[\/vc_column_text][vc_column_text animation=&#8221;animate-when-almost-visible&#8221;]<\/p>\n<p style=\"text-align: center;\">Representaci\u00f3n de las provincias y una mejor distribuci\u00f3n de recursos en todo el pa\u00eds.<\/p>\n<p>[\/vc_column_text][\/vc_column][vc_column width=&#8221;1\/3&#8243;][vc_single_image image=&#8221;1256&#8243; alignment=&#8221;center&#8221; animation=&#8221;animate-when-almost-visible&#8221;][vc_column_text animation=&#8221;animate-when-almost-visible&#8221;]<\/p>\n<p style=\"text-align: center;\">M\u00c1S PRODUCCIONES<\/p>\n<p>[\/vc_column_text][vc_column_text animation=&#8221;animate-when-almost-visible&#8221;]<\/p>\n<p style=\"text-align: center;\">Representaci\u00f3n de las provincias y una mejor distribuci\u00f3n de recursos en todo el pa\u00eds.<\/p>\n<p>[\/vc_column_text][\/vc_column][\/vc_row][vc_row gap=&#8221;35&#8243; equal_height=&#8221;yes&#8221; text_align=&#8221;center&#8221; text_color=&#8221;#686868&#8243; type=&#8221;image&#8221; bg_attachment=&#8221;true&#8221; overflow=&#8221;false&#8221; visibility=&#8221;visible-xs,visible-sm,visible-md,visible-lg,visible-xlg&#8221; bg_image=&#8221;40&#8243;][vc_column width=&#8221;1\/3&#8243;][vc_single_image image=&#8221;1259&#8243; alignment=&#8221;center&#8221; animation=&#8221;animate-when-almost-visible&#8221; css_animation=&#8221;left-to-right&#8221;][vc_column_text animation=&#8221;animate-when-almost-visible&#8221; css_animation=&#8221;left-to-right&#8221;]<\/p>\n<p style=\"text-align: center;\">MEJOR DISTRIBUCI\u00d3N<\/p>\n<p>[\/vc_column_text][vc_column_text animation=&#8221;animate-when-almost-visible&#8221; css_animation=&#8221;left-to-right&#8221;]<\/p>\n<p style=\"text-align: center;\">Desarrollo de un marco normativo que<br \/>\nacompa\u00f1e las nuevas formas de producci\u00f3n y visualizaci\u00f3n.[\/vc_column_text][\/vc_column][vc_column width=&#8221;1\/3&#8243;][vc_single_image image=&#8221;1261&#8243; alignment=&#8221;center&#8221; animation=&#8221;animate-when-almost-visible&#8221; css_animation=&#8221;left-to-right&#8221;][vc_column_text animation=&#8221;animate-when-almost-visible&#8221; css_animation=&#8221;left-to-right&#8221;]<\/p>\n<p style=\"text-align: center;\">M\u00c1S CUOTA DE PANTALLA<\/p>\n<p>[\/vc_column_text][vc_column_text animation=&#8221;animate-when-almost-visible&#8221; css_animation=&#8221;left-to-right&#8221;]<\/p>\n<p style=\"text-align: center;\">Extenderla con car\u00e1cter obligatorio para producciones nacionales en plataformas, otros medios, y modalidades.<\/p>\n<p>[\/vc_column_text][\/vc_column][vc_column width=&#8221;1\/3&#8243;][vc_single_image image=&#8221;1262&#8243; alignment=&#8221;center&#8221; animation=&#8221;animate-when-almost-visible&#8221; css_animation=&#8221;left-to-right&#8221;][vc_column_text animation=&#8221;animate-when-almost-visible&#8221; css_animation=&#8221;left-to-right&#8221;]<\/p>\n<p style=\"text-align: center;\">M\u00c1S REPRESENTACI\u00d3N<\/p>\n<p>[\/vc_column_text][vc_column_text animation=&#8221;animate-when-almost-visible&#8221; css_animation=&#8221;left-to-right&#8221;]<\/p>\n<p style=\"text-align: center;\">Creaci\u00f3n del Consejo Federal de Cine y las Artes Audiovisuales, un organismo interjurisdiccional, de concertaci\u00f3n, acuerdo y planificaci\u00f3n.<\/p>\n<p>[\/vc_column_text][\/vc_column][\/vc_row][vc_row equal_height=&#8221;yes&#8221; text_align=&#8221;center&#8221; text_color=&#8221;#686868&#8243; type=&#8221;image&#8221; bg_attachment=&#8221;true&#8221; overflow=&#8221;false&#8221; visibility=&#8221;visible-xs,visible-sm,visible-md,visible-lg,visible-xlg&#8221; bg_image=&#8221;40&#8243;][vc_column][vc_btn title=&#8221;Ver proyecto&#8221; style=&#8221;3d&#8221; color=&#8221;primary&#8221; size=&#8221;lg&#8221; align=&#8221;center&#8221; css_animation=&#8221;bounceIn&#8221; link=&#8221;url:https%3A%2F%2Fpre.espacioaudiovisualnacional.org%2Fean2023%2Fwp-content%2Fuploads%2F2024%2F07%2F2530-D-2024-PL-Federal-Audiovisual.pdf&#8221;][\/vc_column][\/vc_row]<\/p>\n<\/section>","protected":false},"excerpt":{"rendered":"<p>[vc_row text_align=&#8221;center&#8221; text_color=&#8221;#686868&#8243; type=&#8221;image&#8221; bg_attachment=&#8221;true&#8221; overflow=&#8221;false&#8221; visibility=&#8221;visible-xs,visible-sm,visible-md,visible-lg,visible-xlg&#8221; bg_image=&#8221;40&#8243;][vc_column][vc_column_text] Puntos principales del proyecto [\/vc_column_text][\/vc_column][\/vc_row][vc_row gap=&#8221;35&#8243; text_align=&#8221;center&#8221; text_color=&#8221;#686868&#8243; type=&#8221;image&#8221; bg_attachment=&#8221;true&#8221; overflow=&#8221;false&#8221; visibility=&#8221;visible-xs,visible-sm,visible-md,visible-lg,visible-xlg&#8221; bg_image=&#8221;40&#8243;][vc_column width=&#8221;1\/3&#8243;][vc_single_image image=&#8221;1254&#8243; alignment=&#8221;center&#8221; animation=&#8221;animate-when-almost-visible&#8221;][vc_column_text animation=&#8221;animate-when-almost-visible&#8221;] M\u00c1S FEDERALISMO [\/vc_column_text][vc_column_text animation=&#8221;animate-when-almost-visible&#8221;] Representaci\u00f3n de las provincias y una mejor distribuci\u00f3n de recursos en todo el pa\u00eds. [\/vc_column_text][\/vc_column][vc_column width=&#8221;1\/3&#8243;][vc_single_image image=&#8221;1255&#8243; alignment=&#8221;center&#8221; animation=&#8221;animate-when-almost-visible&#8221;][vc_column_text animation=&#8221;animate-when-almost-visible&#8221;] M\u00c1S DIVERSIDAD [\/vc_column_text][vc_column_text animation=&#8221;animate-when-almost-visible&#8221;] Representaci\u00f3n de las provincias y una [&hellip;]<\/p>\n","protected":false},"author":1,"featured_media":0,"parent":0,"menu_order":0,"comment_status":"closed","ping_status":"closed","template":"","meta":{"footnotes":""},"class_list":["post-1253","page","type-page","status-publish","hentry"],"_links":{"self":[{"href":"https:\/\/pre.espacioaudiovisualnacional.org\/ean2023\/wp-json\/wp\/v2\/pages\/1253","targetHints":{"allow":["GET"]}}],"collection":[{"href":"https:\/\/pre.espacioaudiovisualnacional.org\/ean2023\/wp-json\/wp\/v2\/pages"}],"about":[{"href":"https:\/\/pre.espacioaudiovisualnacional.org\/ean2023\/wp-json\/wp\/v2\/types\/page"}],"author":[{"embeddable":true,"href":"https:\/\/pre.espacioaudiovisualnacional.org\/ean2023\/wp-json\/wp\/v2\/users\/1"}],"replies":[{"embeddable":true,"href":"https:\/\/pre.espacioaudiovisualnacional.org\/ean2023\/wp-json\/wp\/v2\/comments?post=1253"}],"version-history":[{"count":5,"href":"https:\/\/pre.espacioaudiovisualnacional.org\/ean2023\/wp-json\/wp\/v2\/pages\/1253\/revisions"}],"predecessor-version":[{"id":1603,"href":"https:\/\/pre.espacioaudiovisualnacional.org\/ean2023\/wp-json\/wp\/v2\/pages\/1253\/revisions\/1603"}],"wp:attachment":[{"href":"https:\/\/pre.espacioaudiovisualnacional.org\/ean2023\/wp-json\/wp\/v2\/media?parent=1253"}],"curies":[{"name":"wp","href":"https:\/\/api.w.org\/{rel}","templated":true}]}}